{"id":1705,"date":"2025-02-08T06:40:19","date_gmt":"2025-02-08T06:40:19","guid":{"rendered":"https:\/?page_id=1705"},"modified":"2025-02-08T06:40:22","modified_gmt":"2025-02-08T06:40:22","slug":"versandpolitik","status":"publish","type":"page","link":"https:\/\/metafibro.com\/de\/versandpolitik\/","title":{"rendered":"Versandrichtlinien"},"content":{"rendered":"<p>Kostenlose Lieferung ab einem Einkaufswert von 70 \u20ac (Belgien) und Lieferung mit Mondial Relay m\u00f6glich.<\/p>\n\n\n\n<p>Die Pakete werden maximal 2 Werktage nach Aufgabe der Bestellung versandt.<\/p>\n\n\n\n<p><\/p>","protected":false},"excerpt":{"rendered":"<p>Kostenlose Lieferung ab einem Bestellwert von 70 \u20ac (Belgien) und Lieferung mit Mondial Relay m\u00f6glich. Die Pakete werden maximal 2 Werktage nach Aufgabe der Bestellung versendet.<\/p>","protected":false},"author":1,"featured_media":0,"parent":0,"menu_order":0,"comment_status":"closed","ping_status":"closed","template":"","meta":{"footnotes":""},"class_list":["post-1705","page","type-page","status-publish","hentry"],"yoast_head":"<!-- This site is optimized with the Yoast SEO plugin v26.9 - https:\/\/yoast.com\/product\/yoast-seo-wordpress\/ -->\n<title>Politique d&#039;exp\u00e9dition - Metafibro<\/title>\n<meta name=\"robots\" content=\"index, follow, max-snippet:-1, max-image-preview:large, max-video-preview:-1\" \/>\n<link rel=\"canonical\" href=\"https:\/\/metafibro.com\/de\/versandpolitik\/\" \/>\n<meta property=\"og:locale\" content=\"de_DE\" \/>\n<meta property=\"og:type\" content=\"article\" \/>\n<meta property=\"og:title\" content=\"Politique d&#039;exp\u00e9dition - Metafibro\" \/>\n<meta property=\"og:description\" content=\"Livraison gratuite \u00e0 partir de 70 \u20ac d\u2019achat (Belgique) et livraison avec Mondial Relay possible. Les colis sont exp\u00e9di\u00e9s maximum 2 jours ouvrables apr\u00e8s le passage de la commande.\" \/>\n<meta property=\"og:url\" content=\"https:\/\/metafibro.com\/de\/versandpolitik\/\" \/>\n<meta property=\"og:site_name\" content=\"Metafibro\" \/>\n<meta property=\"article:modified_time\" content=\"2025-02-08T06:40:22+00:00\" \/>\n<meta name=\"twitter:card\" content=\"summary_large_image\" \/>\n<meta name=\"twitter:label1\" content=\"Gesch\u00e4tzte Lesezeit\" \/>\n\t<meta name=\"twitter:data1\" content=\"1\u00a0Minute\" \/>\n<script type=\"application\/ld+json\" class=\"yoast-schema-graph\">{\"@context\":\"https:\/\/schema.org\",\"@graph\":[{\"@type\":\"WebPage\",\"@id\":\"https:\/\/metafibro.com\/politique-dexpedition\/\",\"url\":\"https:\/\/metafibro.com\/politique-dexpedition\/\",\"name\":\"Politique d'exp\u00e9dition - Metafibro\",\"isPartOf\":{\"@id\":\"https:\/\/metafibro.com\/#website\"},\"datePublished\":\"2025-02-08T06:40:19+00:00\",\"dateModified\":\"2025-02-08T06:40:22+00:00\",\"breadcrumb\":{\"@id\":\"https:\/\/metafibro.com\/politique-dexpedition\/#breadcrumb\"},\"inLanguage\":\"de\",\"potentialAction\":[{\"@type\":\"ReadAction\",\"target\":[\"https:\/\/metafibro.com\/politique-dexpedition\/\"]}]},{\"@type\":\"BreadcrumbList\",\"@id\":\"https:\/\/metafibro.com\/politique-dexpedition\/#breadcrumb\",\"itemListElement\":[{\"@type\":\"ListItem\",\"position\":1,\"name\":\"Accueil\",\"item\":\"https:\/\/metafibro.com\/\"},{\"@type\":\"ListItem\",\"position\":2,\"name\":\"Politique d&#8217;exp\u00e9dition\"}]},{\"@type\":\"WebSite\",\"@id\":\"https:\/\/metafibro.com\/#website\",\"url\":\"https:\/\/metafibro.com\/\",\"name\":\"Metafibro\",\"description\":\"\",\"potentialAction\":[{\"@type\":\"SearchAction\",\"target\":{\"@type\":\"EntryPoint\",\"urlTemplate\":\"https:\/\/metafibro.com\/?s={search_term_string}\"},\"query-input\":{\"@type\":\"PropertyValueSpecification\",\"valueRequired\":true,\"valueName\":\"search_term_string\"}}],\"inLanguage\":\"de\"}]}<\/script>\n<!-- \/ Yoast SEO plugin. -->","yoast_head_json":{"title":"Versandpolitik - Metafibro","robots":{"index":"index","follow":"follow","max-snippet":"max-snippet:-1","max-image-preview":"max-image-preview:large","max-video-preview":"max-video-preview:-1"},"canonical":"https:\/\/metafibro.com\/de\/versandpolitik\/","og_locale":"de_DE","og_type":"article","og_title":"Politique d'exp\u00e9dition - Metafibro","og_description":"Livraison gratuite \u00e0 partir de 70 \u20ac d\u2019achat (Belgique) et livraison avec Mondial Relay possible. Les colis sont exp\u00e9di\u00e9s maximum 2 jours ouvrables apr\u00e8s le passage de la commande.","og_url":"https:\/\/metafibro.com\/de\/versandpolitik\/","og_site_name":"Metafibro","article_modified_time":"2025-02-08T06:40:22+00:00","twitter_card":"summary_large_image","twitter_misc":{"Gesch\u00e4tzte Lesezeit":"1\u00a0Minute"},"schema":{"@context":"https:\/\/schema.org","@graph":[{"@type":"WebPage","@id":"https:\/\/metafibro.com\/politique-dexpedition\/","url":"https:\/\/metafibro.com\/politique-dexpedition\/","name":"Versandpolitik - Metafibro","isPartOf":{"@id":"https:\/\/metafibro.com\/#website"},"datePublished":"2025-02-08T06:40:19+00:00","dateModified":"2025-02-08T06:40:22+00:00","breadcrumb":{"@id":"https:\/\/metafibro.com\/politique-dexpedition\/#breadcrumb"},"inLanguage":"de","potentialAction":[{"@type":"ReadAction","target":["https:\/\/metafibro.com\/politique-dexpedition\/"]}]},{"@type":"BreadcrumbList","@id":"https:\/\/metafibro.com\/politique-dexpedition\/#breadcrumb","itemListElement":[{"@type":"ListItem","position":1,"name":"Accueil","item":"https:\/\/metafibro.com\/"},{"@type":"ListItem","position":2,"name":"Politique d&#8217;exp\u00e9dition"}]},{"@type":"WebSite","@id":"https:\/\/metafibro.com\/#website","url":"https:\/\/metafibro.com\/","name":"Metafibro","description":"","potentialAction":[{"@type":"SearchAction","target":{"@type":"EntryPoint","urlTemplate":"https:\/\/metafibro.com\/?s={search_term_string}"},"query-input":{"@type":"PropertyValueSpecification","valueRequired":true,"valueName":"search_term_string"}}],"inLanguage":"de"}]}},"_links":{"self":[{"href":"https:\/\/metafibro.com\/de\/wp-json\/wp\/v2\/pages\/1705","targetHints":{"allow":["GET"]}}],"collection":[{"href":"https:\/\/metafibro.com\/de\/wp-json\/wp\/v2\/pages"}],"about":[{"href":"https:\/\/metafibro.com\/de\/wp-json\/wp\/v2\/types\/page"}],"author":[{"embeddable":true,"href":"https:\/\/metafibro.com\/de\/wp-json\/wp\/v2\/users\/1"}],"replies":[{"embeddable":true,"href":"https:\/\/metafibro.com\/de\/wp-json\/wp\/v2\/comments?post=1705"}],"version-history":[{"count":0,"href":"https:\/\/metafibro.com\/de\/wp-json\/wp\/v2\/pages\/1705\/revisions"}],"wp:attachment":[{"href":"https:\/\/metafibro.com\/de\/wp-json\/wp\/v2\/media?parent=1705"}],"curies":[{"name":"wp","href":"https:\/\/api.w.org\/{rel}","templated":true}]}}