{"id":1703,"date":"2025-02-08T06:38:01","date_gmt":"2025-02-08T06:38:01","guid":{"rendered":"https:\/?page_id=1703"},"modified":"2025-02-08T06:38:03","modified_gmt":"2025-02-08T06:38:03","slug":"erstattungspolitik","status":"publish","type":"page","link":"https:\/\/metafibro.com\/de\/erstattungspolitik\/","title":{"rendered":"R\u00fcckgaberichtlinie"},"content":{"rendered":"<p>Wir setzen uns daf\u00fcr ein, Ihnen die besten nat\u00fcrlichen L\u00f6sungen anzubieten.<\/p>\n\n\n\n<p>Aber unsere Erfahrung hat uns gelehrt, dass jeder Mensch einzigartig ist. Und dass die Vorteile eines Produkts von Person zu Person unterschiedlich sein k\u00f6nnen.<\/p>\n\n\n\n<p>Deshalb haben wir eine R\u00fcckerstattungspolitik eingef\u00fchrt, die es Ihnen erm\u00f6glicht, die Vorteile unserer Produkte ohne Risiko zu entdecken.<\/p>\n\n\n\n<p>So verpflichten wir uns, Ihnen den vollen Betrag Ihrer Bestellung zu erstatten, wenn Sie mit den Auswirkungen unseres Angebots nicht zufrieden sind.<\/p>\n\n\n\n<p>Diese Garantie ist zeitlich unbegrenzt.<\/p>\n\n\n\n<p>Diese Garantie gilt nur f\u00fcr Bestellungen, die online \u00fcber die Websites cbxmedical.com und metafibro.be get\u00e4tigt werden.<\/p>\n\n\n\n<p>Diese Garantie gilt nur f\u00fcr Produkte und Angebote, die mit dem Hinweis \"Zufrieden oder Geld zur\u00fcck\" versehen sind, der zum Zeitpunkt der Bestellung in voller Schrift auf einer Webseite der Websites cbxmedical.com oder metafibro.be markiert ist.<\/p>\n\n\n\n<p>Um Ihre Garantie in Anspruch zu nehmen, senden Sie uns einfach Ihren Kaufbeleg und die Barcodes der gekauften Produkte per Post an folgende Adresse: CBX Medical, Chauss\u00e9e de Bruxelles 94b, 1410 Waterloo.<\/p>\n\n\n\n<ul class=\"wp-block-list\">\n<li>Unsere 100% Geld-zur\u00fcck-Garantie erm\u00f6glicht es Ihnen, unsere Produkte ohne jegliches Risiko zu testen. Daher kann nur ein Erstattungsantrag pro Produkt und Kunde akzeptiert werden.<\/li>\n\n\n\n<li>Wir verpflichten uns, den gesamten Betrag Ihrer Bestellung zu erstatten, wenn Sie mit den Ergebnissen Ihrer Kur nicht zufrieden sind. Sie m\u00fcssen also Ihre Kur vollst\u00e4ndig durchgef\u00fchrt und die Anwendungshinweise* beachtet haben, damit ein Antrag auf R\u00fcckerstattung gestellt werden kann.<\/li>\n\n\n\n<li>Unsere Garantie 100% Zufrieden oder Geld zur\u00fcck kann bei missbr\u00e4uchlicher Verwendung nicht angewendet werden (z. B.: mehrfache Erstattungsantr\u00e4ge, Unzufriedenheit, die nicht mit den therapeutischen Wirkungen zusammenh\u00e4ngt, ...).<\/li>\n<\/ul>\n\n\n\n<p>Ben\u00f6tigen Sie weitere Informationen? Sie k\u00f6nnen uns unter info@cbxmedical.com kontaktieren.<\/p>\n\n\n\n<p>*Unsere Anwendungshinweise empfehlen mindestens 2 Monate Anwendung von MetaFibro, mit 2 Kapseln pro Tag (falls vom Arzt nicht anders verordnet).<\/p>","protected":false},"excerpt":{"rendered":"<p>Nous nous engageons \u00e0 vous offrir les meilleures solutions naturelles. Mais notre exp\u00e9rience nous a appris que chacun est unique. Et que les avantages d\u2019un produit peuvent varier d\u2019une personne \u00e0 l\u2019autre. Pour cela, nous avons mis en place une politique de remboursement qui vous permettra de d\u00e9couvrir les bienfaits de nos produits sans risque. [&hellip;]<\/p>","protected":false},"author":1,"featured_media":0,"parent":0,"menu_order":0,"comment_status":"closed","ping_status":"closed","template":"","meta":{"footnotes":""},"class_list":["post-1703","page","type-page","status-publish","hentry"],"yoast_head":"<!-- This site is optimized with the Yoast SEO plugin v26.9 - https:\/\/yoast.com\/product\/yoast-seo-wordpress\/ -->\n<title>Politique de remboursement - Metafibro<\/title>\n<meta name=\"robots\" content=\"index, follow, max-snippet:-1, max-image-preview:large, max-video-preview:-1\" \/>\n<link rel=\"canonical\" href=\"https:\/\/metafibro.com\/de\/erstattungspolitik\/\" \/>\n<meta property=\"og:locale\" content=\"de_DE\" \/>\n<meta property=\"og:type\" content=\"article\" \/>\n<meta property=\"og:title\" content=\"Politique de remboursement - Metafibro\" \/>\n<meta property=\"og:description\" content=\"Nous nous engageons \u00e0 vous offrir les meilleures solutions naturelles. Mais notre exp\u00e9rience nous a appris que chacun est unique. Et que les avantages d\u2019un produit peuvent varier d\u2019une personne \u00e0 l\u2019autre. Pour cela, nous avons mis en place une politique de remboursement qui vous permettra de d\u00e9couvrir les bienfaits de nos produits sans risque. [&hellip;]\" \/>\n<meta property=\"og:url\" content=\"https:\/\/metafibro.com\/de\/erstattungspolitik\/\" \/>\n<meta property=\"og:site_name\" content=\"Metafibro\" \/>\n<meta property=\"article:modified_time\" content=\"2025-02-08T06:38:03+00:00\" \/>\n<meta name=\"twitter:card\" content=\"summary_large_image\" \/>\n<meta name=\"twitter:label1\" content=\"Gesch\u00e4tzte Lesezeit\" \/>\n\t<meta name=\"twitter:data1\" content=\"2\u00a0Minuten\" \/>\n<script type=\"application\/ld+json\" class=\"yoast-schema-graph\">{\"@context\":\"https:\/\/schema.org\",\"@graph\":[{\"@type\":\"WebPage\",\"@id\":\"https:\/\/metafibro.com\/politique-de-remboursement\/\",\"url\":\"https:\/\/metafibro.com\/politique-de-remboursement\/\",\"name\":\"Politique de remboursement - Metafibro\",\"isPartOf\":{\"@id\":\"https:\/\/metafibro.com\/#website\"},\"datePublished\":\"2025-02-08T06:38:01+00:00\",\"dateModified\":\"2025-02-08T06:38:03+00:00\",\"breadcrumb\":{\"@id\":\"https:\/\/metafibro.com\/politique-de-remboursement\/#breadcrumb\"},\"inLanguage\":\"de\",\"potentialAction\":[{\"@type\":\"ReadAction\",\"target\":[\"https:\/\/metafibro.com\/politique-de-remboursement\/\"]}]},{\"@type\":\"BreadcrumbList\",\"@id\":\"https:\/\/metafibro.com\/politique-de-remboursement\/#breadcrumb\",\"itemListElement\":[{\"@type\":\"ListItem\",\"position\":1,\"name\":\"Accueil\",\"item\":\"https:\/\/metafibro.com\/\"},{\"@type\":\"ListItem\",\"position\":2,\"name\":\"Politique de remboursement\"}]},{\"@type\":\"WebSite\",\"@id\":\"https:\/\/metafibro.com\/#website\",\"url\":\"https:\/\/metafibro.com\/\",\"name\":\"Metafibro\",\"description\":\"\",\"potentialAction\":[{\"@type\":\"SearchAction\",\"target\":{\"@type\":\"EntryPoint\",\"urlTemplate\":\"https:\/\/metafibro.com\/?s={search_term_string}\"},\"query-input\":{\"@type\":\"PropertyValueSpecification\",\"valueRequired\":true,\"valueName\":\"search_term_string\"}}],\"inLanguage\":\"de\"}]}<\/script>\n<!-- \/ Yoast SEO plugin. -->","yoast_head_json":{"title":"Erstattungspolitik - Metafibro","robots":{"index":"index","follow":"follow","max-snippet":"max-snippet:-1","max-image-preview":"max-image-preview:large","max-video-preview":"max-video-preview:-1"},"canonical":"https:\/\/metafibro.com\/de\/erstattungspolitik\/","og_locale":"de_DE","og_type":"article","og_title":"Politique de remboursement - Metafibro","og_description":"Nous nous engageons \u00e0 vous offrir les meilleures solutions naturelles. Mais notre exp\u00e9rience nous a appris que chacun est unique. Et que les avantages d\u2019un produit peuvent varier d\u2019une personne \u00e0 l\u2019autre. Pour cela, nous avons mis en place une politique de remboursement qui vous permettra de d\u00e9couvrir les bienfaits de nos produits sans risque. [&hellip;]","og_url":"https:\/\/metafibro.com\/de\/erstattungspolitik\/","og_site_name":"Metafibro","article_modified_time":"2025-02-08T06:38:03+00:00","twitter_card":"summary_large_image","twitter_misc":{"Gesch\u00e4tzte Lesezeit":"2\u00a0Minuten"},"schema":{"@context":"https:\/\/schema.org","@graph":[{"@type":"WebPage","@id":"https:\/\/metafibro.com\/politique-de-remboursement\/","url":"https:\/\/metafibro.com\/politique-de-remboursement\/","name":"Erstattungspolitik - Metafibro","isPartOf":{"@id":"https:\/\/metafibro.com\/#website"},"datePublished":"2025-02-08T06:38:01+00:00","dateModified":"2025-02-08T06:38:03+00:00","breadcrumb":{"@id":"https:\/\/metafibro.com\/politique-de-remboursement\/#breadcrumb"},"inLanguage":"de","potentialAction":[{"@type":"ReadAction","target":["https:\/\/metafibro.com\/politique-de-remboursement\/"]}]},{"@type":"BreadcrumbList","@id":"https:\/\/metafibro.com\/politique-de-remboursement\/#breadcrumb","itemListElement":[{"@type":"ListItem","position":1,"name":"Accueil","item":"https:\/\/metafibro.com\/"},{"@type":"ListItem","position":2,"name":"Politique de remboursement"}]},{"@type":"WebSite","@id":"https:\/\/metafibro.com\/#website","url":"https:\/\/metafibro.com\/","name":"Metafibro","description":"","potentialAction":[{"@type":"SearchAction","target":{"@type":"EntryPoint","urlTemplate":"https:\/\/metafibro.com\/?s={search_term_string}"},"query-input":{"@type":"PropertyValueSpecification","valueRequired":true,"valueName":"search_term_string"}}],"inLanguage":"de"}]}},"_links":{"self":[{"href":"https:\/\/metafibro.com\/de\/wp-json\/wp\/v2\/pages\/1703","targetHints":{"allow":["GET"]}}],"collection":[{"href":"https:\/\/metafibro.com\/de\/wp-json\/wp\/v2\/pages"}],"about":[{"href":"https:\/\/metafibro.com\/de\/wp-json\/wp\/v2\/types\/page"}],"author":[{"embeddable":true,"href":"https:\/\/metafibro.com\/de\/wp-json\/wp\/v2\/users\/1"}],"replies":[{"embeddable":true,"href":"https:\/\/metafibro.com\/de\/wp-json\/wp\/v2\/comments?post=1703"}],"version-history":[{"count":0,"href":"https:\/\/metafibro.com\/de\/wp-json\/wp\/v2\/pages\/1703\/revisions"}],"wp:attachment":[{"href":"https:\/\/metafibro.com\/de\/wp-json\/wp\/v2\/media?parent=1703"}],"curies":[{"name":"wp","href":"https:\/\/api.w.org\/{rel}","templated":true}]}}