{"id":1262,"date":"2024-08-08T07:38:38","date_gmt":"2024-08-08T07:38:38","guid":{"rendered":"https:\/\/metafibro.be\/?page_id=1262"},"modified":"2025-02-08T06:24:01","modified_gmt":"2025-02-08T06:24:01","slug":"vertraulichkeit","status":"publish","type":"page","link":"https:\/\/metafibro.com\/de\/vertraulichkeit\/","title":{"rendered":"Datenschutzrichtlinie"},"content":{"rendered":"<h2 class=\"wp-block-heading\">Wer verarbeitet Ihre Daten?<\/h2>\n\n\n\n<p>CBX MEDICAL, eine Privatgesellschaft mit beschr\u00e4nkter Haftung mit Sitz in&nbsp;<strong>Boulevard general Michel 1E\/2 B-6000 Charleroi<\/strong>eingetragen bei der Banque Carrefour des Entreprises unter der Nummer&nbsp;<strong>0750.926.884<\/strong>&nbsp;verarbeitet die \u00fcber Sie gesammelten Daten und ist verantwortlich f\u00fcr die Verarbeitung personenbezogener Daten f\u00fcr jede Datenerhebung \u00fcber Sie im Zusammenhang mit den von CBX MEDICAL angebotenen Dienstleistungen.<\/p>\n\n\n\n<h2 class=\"wp-block-heading\">Zu welchen Zwecken sammeln und verarbeiten wir Ihre Daten?<\/h2>\n\n\n\n<p>CBX MEDICAL sammelt und verarbeitet Ihre Daten f\u00fcr die nachfolgend aufgelisteten Zwecke, die im Folgenden n\u00e4her erl\u00e4utert werden:<br><br>In erster Linie werden sie f\u00fcr die Zwecke des Kundenbeziehungsmanagements verwendet und um uns zu erm\u00f6glichen, besser mit unseren Kunden zu interagieren, die Nutzererfahrung zu optimieren oder auf Anfragen und m\u00f6gliche Beschwerden unserer Kunden zu reagieren.<br><br>Zu diesen Behandlungen geh\u00f6ren unter anderem:<\/p>\n\n\n\n<ul class=\"wp-block-list\">\n<li>Die M\u00f6glichkeit, ein Konto zu erstellen,<\/li>\n\n\n\n<li>Die Verwaltung Ihrer Einwilligungen und Genehmigungen zur Nutzung Ihrer pers\u00f6nlichen Daten insbesondere f\u00fcr den Versand von Newslettern und kommerziellen Aufforderungen auf elektronischem Wege,<\/li>\n\n\n\n<li>Ihnen zu erm\u00f6glichen, die Dienstleistungen von CBX MEDICAL in Anspruch zu nehmen, Produkte und Dienstleistungen zu bestellen, Ihre Bestellungen und deren Rechnungsstellung zu verfolgen, sich f\u00fcr Newsletter anzumelden, etc.<\/li>\n\n\n\n<li>die Sammlung Ihrer Kommentare und Meinungen ;<\/li>\n\n\n\n<li>die Verwaltung der Kommunikation und die Verfolgung unseres Austauschs, insbesondere im Rahmen eventueller Streitigkeiten (insbesondere \u00fcber den Kundenservice, der z. B. per Telefon oder per Instant Messaging vom Typ Chat erreichbar ist. dieser Austausch kann zu Zwecken der Serviceverbesserung aufgezeichnet werden),<\/li>\n\n\n\n<li>die Bearbeitung Ihrer Anfragen im Zusammenhang mit der Aus\u00fcbung Ihrer Rechte, insbesondere des Rechts auf Zugang, Berichtigung und Widerspruch, die Ihnen in Anwendung der Vorschriften \u00fcber personenbezogene Daten zustehen;<\/li>\n\n\n\n<li>Management des Risikos einer betr\u00fcgerischen Verwendung Ihrer Daten oder der Dienste, auf die Sie \u00fcber CBX MEDICAL zugreifen; je nach den Ergebnissen der durchgef\u00fchrten Kontrollen kann CBX MEDICAL alle Ma\u00dfnahmen ergreifen, die es f\u00fcr die Sicherung Ihrer Daten und unserer Informationssysteme, die f\u00fcr die Zwecke der Nutzung von CBX MEDICAL verwendet werden, sowie f\u00fcr die Verteidigung seiner Interessen als n\u00fctzlich erachtet. Gegebenenfalls k\u00f6nnen diese Ma\u00dfnahmen dazu f\u00fchren, dass Ihr Zugang zu CBX MEDICAL und zu Ihrem Online-Konto gesperrt wird.<\/li>\n\n\n\n<li>Verwaltung von Produktr\u00fcckrufen, die von Lieferanten initiiert werden, oder Versand verschiedener Informationen oder Dokumente, die damit zusammenh\u00e4ngen;<\/li>\n\n\n\n<li>Analysen oder Statistiken zu erstellen, um auf Erhebungen oder Anfragen von \u00f6ffentlichen Interessenvertretungen, Verwaltungen, Verwaltungs- oder Justizbeh\u00f6rden zu reagieren (z. B. im Falle eines Lebensmittelrisikos),<\/li>\n\n\n\n<li>Nachvollziehen und Verwalten von Beweisen, die CBX MEDICAL aufgrund gesetzlicher oder regulatorischer Verpflichtungen oder f\u00fcr Zwecke im Zusammenhang mit der Verwaltung von Rechtsstreitigkeiten erbringen muss (z. B. die notwendigen Beweise bez\u00fcglich der Aus\u00fcbung Ihrer Rechte, Beweise bez\u00fcglich Ihrer Bestellungen).<\/li>\n\n\n\n<li>die Verwaltung m\u00f6glicher Streitf\u00e4lle, insbesondere im Zusammenhang mit der Eintreibung von Betr\u00e4gen, die Sie uns m\u00f6glicherweise schulden, und die Verwaltung von Zahlungsvorf\u00e4llen,<\/li>\n\n\n\n<li>um unsere gesetzlichen oder regulatorischen Verpflichtungen zu erf\u00fcllen, die auf die Gesch\u00e4ftst\u00e4tigkeit von CBX MEDICAL anwendbar sind (z. B. um Anfragen der Steuerbeh\u00f6rden zu beantworten).<\/li>\n<\/ul>\n\n\n\n<p><br>Ihre Daten k\u00f6nnen auch dazu verwendet werden, um Kundenwerbung zu betreiben oder Studien durchzuf\u00fchren, um die Kundenkenntnisse und die Dienstleistungen, die CBX MEDICAL seinen Kunden anbieten kann, zu verbessern. Ihre Daten k\u00f6nnen unter Beachtung der erforderlichen Genehmigungen, die Sie uns eventuell erteilt haben, verwendet werden:<\/p>\n\n\n\n<ul class=\"wp-block-list\">\n<li>um Ihnen auf Ihr Profil zugeschnittene oder nicht zugeschnittene Werbebotschaften oder Werbung per Post oder elektronisch, einschlie\u00dflich mobiler Benachrichtigungen, zu senden,<\/li>\n\n\n\n<li>um Ihre Nutzung der Dienste (insbesondere Ihre Online-Navigation und Ihre Reaktionen auf E-Mails) zu analysieren, damit wir Sie besser kennenlernen, das Interesse an den angebotenen Diensten sowie an den Nachrichten, die wir an Sie richten, einsch\u00e4tzen und Ihnen Angebote, Inhalte und Dienste anbieten k\u00f6nnen, die auf Ihr Profil zugeschnitten sind; diese Analysen werden unter Beachtung der Genehmigungen durchgef\u00fchrt, die Sie uns gegebenenfalls erteilt haben, insbesondere im Falle der Verwendung von Cookies oder anderen Trackern.<\/li>\n<\/ul>\n\n\n\n<p>Bei kommerziellen Werbeaktionen, die mit Profiling verbunden sind und auf der Einwilligung der von der Verarbeitung betroffenen Person beruhen, kann diese ihre Einwilligung jederzeit widerrufen, wobei davon ausgegangen wird, dass dies die Rechtm\u00e4\u00dfigkeit der vor dem Widerruf durchgef\u00fchrten Verarbeitung nicht in Frage stellt.<br><br>Ihre Daten k\u00f6nnen f\u00fcr die Durchf\u00fchrung technischer Vorg\u00e4nge im Zusammenhang mit der Verarbeitung Ihrer personenbezogenen Daten f\u00fcr die hier genannten Zwecke verwendet werden. Dazu geh\u00f6ren:<\/p>\n\n\n\n<ul class=\"wp-block-list\">\n<li>technische Vorg\u00e4nge im Zusammenhang mit der Berichtigung von Adressen ;<\/li>\n\n\n\n<li>die Zuweisung einer digitalen Kennung, die mit Ihren Daten verkn\u00fcpft ist, damit wir \u00fcber verschiedene digitale Kommunikationsmedien (Websites und mobile Anwendungen, soziale Netzwerke) mit Ihnen interagieren k\u00f6nnen, einschlie\u00dflich der M\u00f6glichkeit, Ihnen gezielte Werbung zu senden,<\/li>\n\n\n\n<li>technische, organisatorische oder Cybersicherheitsma\u00dfnahmen, die mit der Erkennung von Anomalien und der Sicherung Ihrer Daten sowie unserer Informationssysteme, von denen aus Ihre Daten verarbeitet werden, verbunden sind.<\/li>\n<\/ul>\n\n\n\n<h2 class=\"wp-block-heading\">Warum werden Ihre personenbezogenen Daten verarbeitet?<\/h2>\n\n\n\n<p>Ihre Daten k\u00f6nnen f\u00fcr einen oder mehrere der folgenden Zwecke verarbeitet werden:<\/p>\n\n\n\n<ul class=\"wp-block-list\">\n<li>weil dies notwendig ist, um die Dienstleistungen von CBX MEDICAL zu erbringen.<\/li>\n\n\n\n<li>im Rahmen der von Ihnen eventuell erteilten Zustimmung, z. B. damit wir Sie \u00fcber unsere Angebote und Produkte oder die von Drittwerbern informieren k\u00f6nnen ;<\/li>\n\n\n\n<li>unter Wahrung der Interessen, Freiheiten und Grundrechte von Personen, die sich f\u00fcr die Dienste von CBX MEDICAL registriert haben, weil dies notwendig ist, damit wir oder unsere Partner unsere berechtigten Interessen verfolgen k\u00f6nnen, wie z. B. Kundenbindung, optimale Verwaltung unserer Kundenbeziehungen, bessere Kenntnis der Kunden und Werbung f\u00fcr unsere Produkte und Dienstleistungen bei ihnen, Betrugsbek\u00e4mpfung und Verteidigung in Streitf\u00e4llen.<\/li>\n<\/ul>\n\n\n\n<h2 class=\"wp-block-heading\">Welche Daten sammeln wir?<\/h2>\n\n\n\n<p>Die im Rahmen von CBX MEDICAL verarbeiteten Daten stammen aus :<\/p>\n\n\n\n<ul class=\"wp-block-list\">\n<li>Ihrer Anmeldung: Daten, die im Anmeldeformular enthalten sind, wie Ihr Name, Vorname, Geburtsdatum, Kontaktdaten<\/li>\n\n\n\n<li>die Nutzung der Dienste von CBX MEDICAL, wie z. B. Ihre Eink\u00e4ufe, die Sie direkt bei CBX MEDICAL oder \u00fcber CBX MEDICAL t\u00e4tigen: Daten, die Sie identifizieren und authentifizieren (Verbindungsprotokolle, IP-Adresse), Daten in Bezug auf Eink\u00e4ufe, Orte und Zeiten der Bestellung und des Kaufs, Ihre Navigation auf der Website, Datum und Uhrzeit des Besuchs der Website, Standortdaten ;<\/li>\n\n\n\n<li>Websites und mobile Anwendungen, die von Unternehmen au\u00dferhalb von CBX MEDICAL herausgegeben werden: Informationen \u00fcber die Navigation oder Werbung, die an Sie gerichtet ist;<\/li>\n\n\n\n<li>Soziale Netzwerke wie Facebook, Linkedin, Instagram; Tats\u00e4chlich k\u00f6nnen Daten zwischen CBX MEDICAL und den sozialen Netzwerken ausgetauscht werden, wenn Sie beispielsweise auf Ihrem Computer mit dem sozialen Netzwerk Facebook verbunden sind und eine Seite der CBX MEDICAL-Website aufrufen. Ebenso wird Instagram diese Informationen sammeln, wenn Sie auf einer Seite der CBX MEDICAL-Website auf die Instagram-Schaltfl\u00e4che klicken. Wenn Sie einen solchen Austausch nicht w\u00fcnschen, empfehlen wir Ihnen, sich aus den sozialen Netzwerken auszuloggen, bevor Sie die CBX MEDICAL-Website besuchen.<\/li>\n\n\n\n<li>Ihre Daten k\u00f6nnen von Dritten an uns weitergegeben werden, z. B. Ihre Post- oder E-Mail-Adresse oder Profildaten, die in unsere Datenbanken aufgenommen werden. Diese Dritten haben Ihre Daten nach Treu und Glauben gesammelt und alle erforderlichen Zustimmungen eingeholt, bevor sie sie an CBX MEDICAL weitergeben.<\/li>\n\n\n\n<li>Eventuell k\u00f6nnen wir \u00fcber Daten aus Open Data verf\u00fcgen.<\/li>\n<\/ul>\n\n\n\n<p><br>Mit Ausnahme der Daten aus Open Data sind die \u00fcbrigen Daten nicht \u00f6ffentlich zug\u00e4nglich.<br>Die Daten k\u00f6nnen direkt von Ihnen oder durch die Nutzung der Dienste von CBX MEDICAL erhoben werden oder von anderen Unternehmen der Gruppe oder m\u00f6glicherweise von unseren Partnern oder Dritten stammen.<br>Die erfassten Daten sind unerl\u00e4sslich, damit CBX MEDICAL, ihre Dienstleister und\/oder Partner die Dienste der \u00fcber CBX MEDICAL angebotenen Dienste erbringen k\u00f6nnen, damit wir Sie besser kennenlernen und mit Ihnen interagieren k\u00f6nnen, eine erleichterte Beziehung mit dem \u00d6kosystem von CBX MEDICAL anbieten k\u00f6nnen oder damit wir oder unsere Partner Ihnen Inhalte zusenden k\u00f6nnen, die auf Ihr Profil und Ihre Interessen zugeschnitten sind.<\/p>\n\n\n\n<h2 class=\"wp-block-heading\"><strong>Wer wird wahrscheinlich auf Ihre Daten zugreifen?<\/strong><\/h2>\n\n\n\n<p>Um die oben beschriebenen Zwecke zu erreichen und in dem Umfang, der f\u00fcr die Verfolgung dieser Zwecke erforderlich ist, k\u00f6nnen Ihre Daten an alle oder einige der folgenden Empf\u00e4nger weitergegeben werden:<\/p>\n\n\n\n<ul class=\"wp-block-list\">\n<li>befugte Personen in den entsprechenden Abteilungen von CBX MEDICAL (z. B. Marketing, Forschung und Analyse, Verbraucherpanels, Kundenservice, Rechtsstreitigkeiten, Buchhaltung und Steuern, IT und Sicherheit von Informationssystemen);<\/li>\n\n\n\n<li>an Zahlungsdienstleister und Anbieter von Inkassom\u00f6glichkeiten f\u00fcr Betr\u00e4ge, die Sie eventuell schulden,<\/li>\n\n\n\n<li>die Dienstleister und Subunternehmer von CBX MEDICAL (z. B. IT-Dienstleister, Werbedienstleister);<\/li>\n\n\n\n<li>Werbetreibende oder Markenpartner, aber in diesem Fall haben diese weder direkt noch indirekt Zugang zu Ihren Daten und nur Daten, die mit Ihrem Profil verbunden sind, ohne dass Sie direkt oder indirekt identifiziert werden k\u00f6nnen, k\u00f6nnen f\u00fcr diese Werbetreibenden verwendet werden<\/li>\n\n\n\n<li>Verwaltungs- oder Justizbeh\u00f6rden gegebenenfalls im Rahmen der Einhaltung unserer gesetzlichen Verpflichtungen oder um uns die Verteidigung unserer Rechte und Interessen zu erm\u00f6glichen.<\/li>\n<\/ul>\n\n\n\n<h2 class=\"wp-block-heading\"><strong>Begrenzung der Dauer der Speicherung Ihrer Daten<\/strong><\/h2>\n\n\n\n<p>Die \u00fcber Sie gesammelten Daten werden so lange aufbewahrt, wie es f\u00fcr die Erf\u00fcllung der oben genannten Zwecke erforderlich ist, zuz\u00fcglich der gesetzlichen Verj\u00e4hrungsfrist.<br>Ihre Kontodaten (Registrierung) werden w\u00e4hrend der gesamten Dauer Ihrer Mitgliedschaft gespeichert. Danach k\u00f6nnen sie bis zu drei Jahre nach dem letzten Kontakt Ihrerseits aufbewahrt und verarbeitet werden, damit wir Ihnen Werbeanfragen zusenden k\u00f6nnen.<br>Ihre Daten k\u00f6nnen aufgrund spezifischer gesetzlicher Verpflichtungen oder im Hinblick auf die geltenden gesetzlichen Verj\u00e4hrungsfristen l\u00e4nger aufbewahrt werden. Beispielsweise k\u00f6nnen die Daten aufbewahrt werden f\u00fcr :<\/p>\n\n\n\n<ul class=\"wp-block-list\">\n<li>6 Jahre f\u00fcr Steuerdokumente ;<\/li>\n\n\n\n<li>10 Jahre f\u00fcr Buchungsbelege ;<\/li>\n\n\n\n<li>w\u00e4hrend der gesamten Dauer der Streitigkeiten und bis alle Rechtsmittel ausgesch\u00f6pft sind.<\/li>\n<\/ul>\n\n\n\n<p>Schlie\u00dflich k\u00f6nnen Ausweisdaten im Falle der Aus\u00fcbung ihrer Rechte durch die betroffenen Personen w\u00e4hrend der geltenden gesetzlichen Verj\u00e4hrungsfristen, d. h. f\u00fcr einen Zeitraum von maximal drei Jahren, aufbewahrt werden.<\/p>\n\n\n\n<h2 class=\"wp-block-heading\"><strong>Wie sicher sind Ihre Daten?<\/strong><\/h2>\n\n\n\n<p>CBX MEDICAL ber\u00fccksichtigt die Art der personenbezogenen Daten und die Risiken der Verarbeitung, um geeignete technische, physische und organisatorische Ma\u00dfnahmen zu ergreifen, um die Sicherheit und Vertraulichkeit der personenbezogenen Daten zu gew\u00e4hrleisten und zu verhindern, dass sie verzerrt oder besch\u00e4digt werden oder dass unbefugte Dritte auf sie zugreifen.<br>CBX MEDICAL w\u00e4hlt Subunternehmer oder Dienstleister aus, die Garantien in Bezug auf Qualit\u00e4t, Sicherheit, Zuverl\u00e4ssigkeit und Ressourcen bieten, um die Umsetzung der technischen und organisatorischen Ma\u00dfnahmen einschlie\u00dflich der Sicherheit der Verarbeitung zu gew\u00e4hrleisten. Die Subunternehmer und Dienstleister verpflichten sich zur Einhaltung von Vertraulichkeitsstandards, die mindestens denen von CBX MEDICAL entsprechen.<\/p>\n\n\n\n<h2 class=\"wp-block-heading\"><strong>Welche Rechte haben Sie?<\/strong><\/h2>\n\n\n\n<p>Gem\u00e4\u00df den Vorschriften zum Schutz personenbezogener Daten haben Sie ein Recht auf Information sowie ein Recht auf Zugriff, Berichtigung und L\u00f6schung (au\u00dfer wenn dies f\u00fcr die Erf\u00fcllung unseres Vertrags erforderlich ist oder wir sie ben\u00f6tigen, um unseren gesetzlichen Verpflichtungen nachzukommen oder unsere Rechte festzustellen oder auszu\u00fcben) der Sie betreffenden Daten sowie das Recht, Richtlinien \u00fcber den Verbleib Ihrer Daten nach Ihrem Tod festzulegen. Es wird darauf hingewiesen, dass CBX MEDICAL im Rahmen des Rechts auf Zugang eine angemessene Geb\u00fchr auf der Grundlage der Verwaltungskosten f\u00fcr jede weitere Kopie der Daten, die \u00fcber die Ihnen zur Verf\u00fcgung gestellte Kopie hinausgeht, verlangen kann.<\/p>\n\n\n\n<p><br>Sie haben auch das Recht, die Einschr\u00e4nkung der Verarbeitung zu verlangen, und das Recht auf \u00dcbertragbarkeit der Daten, die Sie m\u00f6glicherweise bereitgestellt haben, die in bestimmten F\u00e4llen Anwendung finden. Dar\u00fcber hinaus k\u00f6nnen Sie verlangen, dass Sie Ihr Recht auf Widerspruch aus Gr\u00fcnden, die sich aus Ihrer besonderen Situation ergeben, gegen die Verarbeitung Sie betreffender personenbezogener Daten aus\u00fcben, wenn die Verarbeitung auf dem berechtigten Interesse des f\u00fcr die Verarbeitung Verantwortlichen einschlie\u00dflich Profiling beruht. Macht CBX MEDICAL von diesem Widerspruchsrecht Gebrauch, stellt sie die Verarbeitung ein, es sei denn, es bestehen zwingende schutzw\u00fcrdige Gr\u00fcnde f\u00fcr die Verarbeitung, die den Interessen, Rechten und Freiheiten der betroffenen Person \u00fcberwiegen, oder die Verarbeitung dient der Geltendmachung, Aus\u00fcbung oder Verteidigung von Rechtsanspr\u00fcchen. Sie k\u00f6nnen auch gegen jede Verarbeitung im Zusammenhang mit der Kundenwerbung (einschlie\u00dflich Profiling im Zusammenhang mit einer solchen Kundenwerbung) Widerspruch einlegen oder Ihre Einwilligung jederzeit widerrufen, wenn Sie um diese gebeten wurden (der Widerruf Ihrer Einwilligung hat keine Auswirkungen auf die Rechtm\u00e4\u00dfigkeit der Verarbeitung, die vor dem Widerruf der Einwilligung erfolgt ist).<br><br>CBX MEDICAL m\u00f6chte Sie dar\u00fcber informieren, dass die Nichtangabe oder \u00c4nderung Ihrer Daten Auswirkungen auf die Bearbeitung bestimmter Anfragen im Rahmen der Ausf\u00fchrung der Dienstleistungen haben kann und dass Ihre Anfragen im Rahmen der Aus\u00fcbung Ihrer Rechte zu Nachverfolgungszwecken gespeichert werden.<br><br>Um Ihre Rechte auszu\u00fcben, schreiben Sie einfach an CBX Medical, Boulevard general Michel 1E\/2, B-6000 Charleroi, Belgien :<br>- Per E-Mail:&nbsp;<a href=\"mailto:hello@kazidomi.com\">info@CBX Medical.com<\/a>&nbsp;indem Sie uns Ihren Namen, Vornamen, E-Mail-Adresse und wenn m\u00f6glich Ihre Kundenreferenz angeben.<\/p>","protected":false},"excerpt":{"rendered":"<p>Wer verarbeitet Ihre Daten? CBX MEDICAL, Soci\u00e9t\u00e9 Priv\u00e9e \u00e0 Responsabilit\u00e9 Limit\u00e9e mit Sitz in Boulevard general Michel 1E\/2 B-6000 Charleroi, eingetragen bei der Banque Carrefour des Entreprises unter der Nummer 0750.926.884, verarbeitet die von Ihnen gesammelten Daten und ist verantwortlich f\u00fcr die Verarbeitung personenbezogener Daten f\u00fcr jede Datenerhebung, die Sie betreffen [...].<\/p>","protected":false},"author":1,"featured_media":0,"parent":0,"menu_order":0,"comment_status":"closed","ping_status":"closed","template":"","meta":{"footnotes":""},"class_list":["post-1262","page","type-page","status-publish","hentry"],"yoast_head":"<!-- This site is optimized with the Yoast SEO plugin v26.9 - https:\/\/yoast.com\/product\/yoast-seo-wordpress\/ -->\n<title>Politique de confidentialit\u00e9 - Metafibro<\/title>\n<meta name=\"robots\" content=\"index, follow, max-snippet:-1, max-image-preview:large, max-video-preview:-1\" \/>\n<link rel=\"canonical\" href=\"https:\/\/metafibro.com\/de\/vertraulichkeit\/\" \/>\n<meta property=\"og:locale\" content=\"de_DE\" \/>\n<meta property=\"og:type\" content=\"article\" \/>\n<meta property=\"og:title\" content=\"Politique de confidentialit\u00e9 - Metafibro\" \/>\n<meta property=\"og:description\" content=\"Qui traite vos donn\u00e9es? CBX MEDICAL, Soci\u00e9t\u00e9 Priv\u00e9e \u00e0 Responsabilit\u00e9 Limit\u00e9e dont le si\u00e8ge social est situ\u00e9 au&nbsp;Boulevard general Michel 1E\/2 B-6000 Charleroi, immatricul\u00e9e \u00e0 la Banque Carrefour des Entreprises sous le num\u00e9ro&nbsp;0750.926.884&nbsp;traite les donn\u00e9es collect\u00e9es vous concernant, et est responsable des traitements des donn\u00e9es \u00e0 caract\u00e8re personnel pour toute collecte de donn\u00e9es vous concernant [&hellip;]\" \/>\n<meta property=\"og:url\" content=\"https:\/\/metafibro.com\/de\/vertraulichkeit\/\" \/>\n<meta property=\"og:site_name\" content=\"Metafibro\" \/>\n<meta property=\"article:modified_time\" content=\"2025-02-08T06:24:01+00:00\" \/>\n<meta name=\"twitter:card\" content=\"summary_large_image\" \/>\n<meta name=\"twitter:label1\" content=\"Gesch\u00e4tzte Lesezeit\" \/>\n\t<meta name=\"twitter:data1\" content=\"12\u00a0Minuten\" \/>\n<script type=\"application\/ld+json\" class=\"yoast-schema-graph\">{\"@context\":\"https:\/\/schema.org\",\"@graph\":[{\"@type\":\"WebPage\",\"@id\":\"https:\/\/metafibro.com\/de\/vertraulichkeit\/\",\"url\":\"https:\/\/metafibro.com\/de\/vertraulichkeit\/\",\"name\":\"Politique de confidentialit\u00e9 - Metafibro\",\"isPartOf\":{\"@id\":\"https:\/\/metafibro.com\/#website\"},\"datePublished\":\"2024-08-08T07:38:38+00:00\",\"dateModified\":\"2025-02-08T06:24:01+00:00\",\"breadcrumb\":{\"@id\":\"https:\/\/metafibro.com\/de\/vertraulichkeit\/#breadcrumb\"},\"inLanguage\":\"de\",\"potentialAction\":[{\"@type\":\"ReadAction\",\"target\":[\"https:\/\/metafibro.com\/de\/vertraulichkeit\/\"]}]},{\"@type\":\"BreadcrumbList\",\"@id\":\"https:\/\/metafibro.com\/de\/vertraulichkeit\/#breadcrumb\",\"itemListElement\":[{\"@type\":\"ListItem\",\"position\":1,\"name\":\"Accueil\",\"item\":\"https:\/\/metafibro.com\/\"},{\"@type\":\"ListItem\",\"position\":2,\"name\":\"Politique de confidentialit\u00e9\"}]},{\"@type\":\"WebSite\",\"@id\":\"https:\/\/metafibro.com\/#website\",\"url\":\"https:\/\/metafibro.com\/\",\"name\":\"Metafibro\",\"description\":\"\",\"potentialAction\":[{\"@type\":\"SearchAction\",\"target\":{\"@type\":\"EntryPoint\",\"urlTemplate\":\"https:\/\/metafibro.com\/?s={search_term_string}\"},\"query-input\":{\"@type\":\"PropertyValueSpecification\",\"valueRequired\":true,\"valueName\":\"search_term_string\"}}],\"inLanguage\":\"de\"}]}<\/script>\n<!-- \/ Yoast SEO plugin. -->","yoast_head_json":{"title":"Datenschutzrichtlinie - Metafibro","robots":{"index":"index","follow":"follow","max-snippet":"max-snippet:-1","max-image-preview":"max-image-preview:large","max-video-preview":"max-video-preview:-1"},"canonical":"https:\/\/metafibro.com\/de\/vertraulichkeit\/","og_locale":"de_DE","og_type":"article","og_title":"Politique de confidentialit\u00e9 - Metafibro","og_description":"Qui traite vos donn\u00e9es? CBX MEDICAL, Soci\u00e9t\u00e9 Priv\u00e9e \u00e0 Responsabilit\u00e9 Limit\u00e9e dont le si\u00e8ge social est situ\u00e9 au&nbsp;Boulevard general Michel 1E\/2 B-6000 Charleroi, immatricul\u00e9e \u00e0 la Banque Carrefour des Entreprises sous le num\u00e9ro&nbsp;0750.926.884&nbsp;traite les donn\u00e9es collect\u00e9es vous concernant, et est responsable des traitements des donn\u00e9es \u00e0 caract\u00e8re personnel pour toute collecte de donn\u00e9es vous concernant [&hellip;]","og_url":"https:\/\/metafibro.com\/de\/vertraulichkeit\/","og_site_name":"Metafibro","article_modified_time":"2025-02-08T06:24:01+00:00","twitter_card":"summary_large_image","twitter_misc":{"Gesch\u00e4tzte Lesezeit":"12\u00a0Minuten"},"schema":{"@context":"https:\/\/schema.org","@graph":[{"@type":"WebPage","@id":"https:\/\/metafibro.com\/de\/vertraulichkeit\/","url":"https:\/\/metafibro.com\/de\/vertraulichkeit\/","name":"Datenschutzrichtlinie - Metafibro","isPartOf":{"@id":"https:\/\/metafibro.com\/#website"},"datePublished":"2024-08-08T07:38:38+00:00","dateModified":"2025-02-08T06:24:01+00:00","breadcrumb":{"@id":"https:\/\/metafibro.com\/de\/vertraulichkeit\/#breadcrumb"},"inLanguage":"de","potentialAction":[{"@type":"ReadAction","target":["https:\/\/metafibro.com\/de\/vertraulichkeit\/"]}]},{"@type":"BreadcrumbList","@id":"https:\/\/metafibro.com\/de\/vertraulichkeit\/#breadcrumb","itemListElement":[{"@type":"ListItem","position":1,"name":"Accueil","item":"https:\/\/metafibro.com\/"},{"@type":"ListItem","position":2,"name":"Politique de confidentialit\u00e9"}]},{"@type":"WebSite","@id":"https:\/\/metafibro.com\/#website","url":"https:\/\/metafibro.com\/","name":"Metafibro","description":"","potentialAction":[{"@type":"SearchAction","target":{"@type":"EntryPoint","urlTemplate":"https:\/\/metafibro.com\/?s={search_term_string}"},"query-input":{"@type":"PropertyValueSpecification","valueRequired":true,"valueName":"search_term_string"}}],"inLanguage":"de"}]}},"_links":{"self":[{"href":"https:\/\/metafibro.com\/de\/wp-json\/wp\/v2\/pages\/1262","targetHints":{"allow":["GET"]}}],"collection":[{"href":"https:\/\/metafibro.com\/de\/wp-json\/wp\/v2\/pages"}],"about":[{"href":"https:\/\/metafibro.com\/de\/wp-json\/wp\/v2\/types\/page"}],"author":[{"embeddable":true,"href":"https:\/\/metafibro.com\/de\/wp-json\/wp\/v2\/users\/1"}],"replies":[{"embeddable":true,"href":"https:\/\/metafibro.com\/de\/wp-json\/wp\/v2\/comments?post=1262"}],"version-history":[{"count":0,"href":"https:\/\/metafibro.com\/de\/wp-json\/wp\/v2\/pages\/1262\/revisions"}],"wp:attachment":[{"href":"https:\/\/metafibro.com\/de\/wp-json\/wp\/v2\/media?parent=1262"}],"curies":[{"name":"wp","href":"https:\/\/api.w.org\/{rel}","templated":true}]}}